{"id":88,"date":"2016-06-03T15:14:31","date_gmt":"2016-06-03T15:14:31","guid":{"rendered":"http:\/\/alicialareu.com\/?page_id=88"},"modified":"2018-05-14T12:51:26","modified_gmt":"2018-05-14T17:51:26","slug":"meditaciones","status":"publish","type":"page","link":"https:\/\/alicialareu.com\/index.php\/meditaciones\/","title":{"rendered":"Meditaciones"},"content":{"rendered":"<h2 style=\"text-align: center;\">Porque la energia sexual dura 7 a\u00f1os en el cuerpo de la mujer?<\/h2>\n<p>A nosotras las mujeres nos puede costar hasta siete a\u00f1os cortar un v\u00ednculo energetico con un hombre. A ellos, en cambio, s\u00f3lo pocos d\u00edas. A trav\u00e9s de la meditaci\u00f3n, cortando lazos energeticos se puede hacer la liberaci\u00f3n m\u00e1s f\u00e1cil.<\/p>\n<p>Yogi Bhajan explicaba que las experiencias sexuales son impresas en nuestra aura y en nuestra mente subconsciente. Cada uno se impregna con una intensidad diferente. Las mujeres son\u00a0<span class=\"text_exposed_show\">muy sensitivas y recibidoras de la cualidad penetrante del hombre.<\/span><\/p>\n<div class=\"text_exposed_show\">\n<p>Cuando un hombre penetra a una mujer, el aura de ella quedar\u00e1 impresa durante 7 a\u00f1os en un orden decreciente, a medida que se aleja de la fecha de la penetraci\u00f3n.<\/p>\n<p>La mujer dura con esa energia 7 a\u00f1os porque nosotras recibimos, acumulamos informaci\u00f3n de la pareja con la que tenemos relaciones. Y Nuestro utero tiene una vibracion y una frecuencia tan alta que recoge toda la energia y la informaci\u00f3n al igual que nuestro cerebro.<\/p>\n<p>Es por este motivo que nosotras retenemos esta energia en nuestro \u00fatero y esto algunas veces pasa a afectartos.<\/p>\n<p>En conclusi\u00f3n \u00bb Despu\u00e9s de tener sexo, puede ser con una pareja estable o no, el cuerpo de la mujer queda impregnado con la energ\u00eda del aura del hombre y la psiquis subconsciente masculina es absorbida por la psiquis femenina. De esta manera una mujer puede sanar a su hombre si en ese acto sexual hay amor.<\/p>\n<p>&nbsp;<\/p>\n<p>Tambien te sugiero que por un periodo de 21 dias practiques la meditaci\u00f3n llamada Kirtan Kriya, en el cual se utiliza el mantra SA TA NA MA en donde van toc\u00e1ndose alternadamente cada dedo con el pulgar, y tiene una duraci\u00f3n entre 11 y 31 minutos.<\/p>\n<p>Desde mi alma a tu alma<\/p>\n<p>Te comparto con amor esta meditaci\u00f3n para que puedas cortar esos lazos energeticos.<\/p>\n<\/div>\n<p><iframe loading=\"lazy\" width=\"720\" height=\"405\" src=\"https:\/\/www.youtube.com\/embed\/vOBisequvgs?start=3&#038;feature=oembed\" frameborder=\"0\" allow=\"autoplay; encrypted-media\" allowfullscreen><\/iframe><\/p>\n<div class=\"text_exposed_show\"><\/div>\n<h2 style=\"text-align: center;\"><\/h2>\n<h2 style=\"text-align: center;\">Meditaci\u00f3n para el poder de las Palabras<\/h2>\n<h2 style=\"text-align: center;\"><\/h2>\n<p>Las palabras tienen mucho poder.<br \/>\nUna palabra tiene el poder de cambiar toda una vida,<br \/>\nUna palabra tiene el poder de construirla o edificarla una vida o destruirla para siempre.<\/p>\n<p>Con amor te comparto este ejercicio para hacernos conscientes del gran poder que tienen nuestras palabras.<\/p>\n<div class=\"text_exposed_show\">\n<p>De la abundancia del coraz\u00f3n habla la boca.<\/p>\n<p>&nbsp;<\/p>\n<\/div>\n<h2 style=\"text-align: center;\"><\/h2>\n<p><iframe loading=\"lazy\" width=\"720\" height=\"405\" src=\"https:\/\/www.youtube.com\/embed\/S98UNA6skuI?feature=oembed\" frameborder=\"0\" allow=\"autoplay; encrypted-media\" allowfullscreen><\/iframe><\/p>\n<p>&nbsp;<\/p>\n<h2 style=\"text-align: center;\"><\/h2>\n<h2 style=\"text-align: center;\"><strong>Meditaci\u00f3n para sanar y armonizar nuestra energ\u00eda femenina<\/strong><\/h2>\n<p style=\"text-align: center;\"><a href=\"http:\/\/alicialareu.com\/wp-content\/uploads\/2016\/06\/calendario-1.jpg\"><img loading=\"lazy\" decoding=\"async\" class=\"alignnone size-medium wp-image-36\" src=\"http:\/\/alicialareu.com\/wp-content\/uploads\/2016\/06\/calendario-1-300x300.jpg\" alt=\"\" width=\"300\" height=\"300\" srcset=\"https:\/\/alicialareu.com\/wp-content\/uploads\/2016\/06\/calendario-1-300x300.jpg 300w, https:\/\/alicialareu.com\/wp-content\/uploads\/2016\/06\/calendario-1-100x100.jpg 100w, https:\/\/alicialareu.com\/wp-content\/uploads\/2016\/06\/calendario-1-600x597.jpg 600w, https:\/\/alicialareu.com\/wp-content\/uploads\/2016\/06\/calendario-1-150x150.jpg 150w, https:\/\/alicialareu.com\/wp-content\/uploads\/2016\/06\/calendario-1-1024x1020.jpg 1024w, https:\/\/alicialareu.com\/wp-content\/uploads\/2016\/06\/calendario-1.jpg 1600w\" sizes=\"(max-width: 300px) 100vw, 300px\" \/><\/a><\/p>\n<p>&nbsp;<\/p>\n<p>Esta meditaci\u00f3n es para celebrar la energ\u00eda femenina y reconocer la hermosa vibraci\u00f3n y la energ\u00eda que nos provee nuestro linaje femenino. La representaci\u00f3n de la feminidad en nuestro planeta, la dualidad, la diosa, la creaci\u00f3n, el dar vida el multiplicar mucho de lo que representa la feminidad en esta y en otros plano. Con esta meditaci\u00f3n vamos\u00a0 hacer de forma consciente la energ\u00eda femenina, y la mujer que est\u00e1 dentro de ti.<\/p>\n<p>Vas a hacer tres respiraciones profundas y vas a poner tu mano derecha en tu coraz\u00f3n y encima tu mano izquierda.<\/p>\n<p>Inhala Reten y exhala ( Por tres veces)<\/p>\n<p>Solicita a un ser de luz,\u00a0 para que nos armonice esta energ\u00eda\u00a0 y tambi\u00e9n que todas las situaciones que estamos viviendo, sin poner un juicio, sean buenas o sean\u00a0 malas , reciban esta energ\u00eda positiva, de luz, de amor.<\/p>\n<p>Ahora vamos a emprender este hermoso viaje a una representaci\u00f3n de ti, un aspecto y un lado tuyo que cada vez que lo exploras llamas toda la atenci\u00f3n de toda esa energ\u00eda femenina en ti<\/p>\n<p>Deja que tu respiraci\u00f3n te vaya guiando a un estado donde reconoces esa energ\u00eda femenina en ti y ve creando ondas de color rosa que cubre todo tu cuerpo para que esa energia femenina se haga mas consciente en ti.<\/p>\n<p>Ahora solo siente,<\/p>\n<p>que percibes?<\/p>\n<p>que sensaciones percibes?<\/p>\n<p>que emociones est\u00e1n en ti? suelta esas emociones dejalas ir, si sientes rabia, rencor, tristeza, soledad, culpa, dilo y deja ir esas emociones, saca eso de ti.<\/p>\n<p>Inhala profundo, y d\u00e9jate sentir<\/p>\n<p>Explora tu feminidad esa parte femenina, biol\u00f3gica y nutriente. sexual, dadora de vida, divertida que hay en ti.<\/p>\n<p>Ahora dime que sientes?<\/p>\n<p>d\u00e9jate sentir que est\u00e1 pasando<\/p>\n<p>T\u00f3cate tu vientre y manda el mensaje que todo est\u00e1 bien, que no est\u00e1s sola y repite<\/p>\n<p><strong>HOY QUIERO SANAR MI FEMINIDAD, HOY QUIERO SANARME, HOY QUIERO SER UNA MUJER DESPIERTA<\/strong><\/p>\n<p><strong>HOY QUIERO ENCONTRAR MI ESENCIA, HOY QUIERO ENCONTRAR MI LUZ, HOY QUIERO ENCONTRAR LA DIVINIDAD QUE HABITA EN MI.<\/strong><\/p>\n<p>RESPIRA a tu ritmo<\/p>\n<p>Hoy\u00a0 estas a salvo y puedes satisfacer todos tus deseos, sinti\u00e9ndote completa para\u00a0 vivir en la autenticad y que lleves esa esencia a donde quiera que vayas.<\/p>\n<p>Siente esa presencia y siente esa diosa en ti,\u00a0 autentica, libre, ligera extiende tu energ\u00eda y suelta la necesidad de que te vean,\u00a0 de que te valores, de que te aprecien, siente el valor de vivir celebrando el resplandor de ser mujer, de emanar tu esencia, de experimentar quien eres.<\/p>\n<p>Ahora, pide que todas las mujeres puedan ser esa expresi\u00f3n de feminidad creando lazos de paz, lazos de aceptaci\u00f3n, lazos de amor, entre el femenino y masculino; creando una reconciliaci\u00f3n perfecta en \u00a0tus ancestras,<\/p>\n<p>Hoy Me abro a recibir el amor que me permite integrar en cada c\u00e9lula de mi ser haciendo un balance perfecto con mi feminidad. soy una perfecta expresi\u00f3n de lo femenino que con valor, respeto, honra fuerza y\u00a0 mucha dicha me permito compartir y expresar<\/p>\n<p>gracias gracias gracias<\/p>\n<p>ahora lleva tus manos hasta arriba, hasta que juntes las palmas de las manos por encima de tu cabeza y di: Recupero mi poder femenino ahora.<br \/>\nEstoy descubriendo lo maravillosa que soy. Soy merecedora de todo lo bueno. Vea amor y luz en mi.<br \/>\nVeo en mi interior un ser magn\u00edfico.<br \/>\nSoy sabia, inteligente y hermosa.<br \/>\nAmo lo que veo en m\u00ed.<br \/>\nElijo amarme y disfrutar de m\u00ed misma.<br \/>\nSoy independiente.\u00a0Soy dadora de felicidad<br \/>\nGobierno mi vida.<br \/>\nExpando mis capacidades.<\/p>\n<p>Yo soy amor, vivo en el amor<br \/>\nSoy digna de amor<br \/>\nMi paz es compartida en paz<br \/>\nSoy tolerante con todo el mundo a mi alrededor<br \/>\nTengo una gran alegr\u00eda, y por lo tanto gran energ\u00eda<br \/>\nYo irradio amor y lo recibo en la misma medida.<\/p>\n<p>Hoy Honro mi linaje femenino<\/p>\n<p>Hoy me honro por ser mujer, madre, hija, nieta, hermana, abuela.<\/p>\n<p>as\u00ed es hecho esta.<\/p>\n<p>Ahora b\u00e1jalas y ll\u00e9valas \u00a0al centro de tu coraz\u00f3n en forma de oraci\u00f3n y agradece.<\/p>\n<p>Gracias por\u00a0 ser mujer, gracias porque represento la feminidad. gracias a todas las diosas que han dejado un legado y a todas las mujeres de nuestro planeta.<\/p>\n<p>Gracias a la intuici\u00f3n, al amor y a la creaci\u00f3n.<\/p>\n<p>vas a conectarte con el mantra RA MA DA SA de\u00a0Snatam Kaur. Dejate sentir, dejalo que entre en ti, en tu interior. Respira a tu ritmo.<\/p>\n<p>Cuando termine el mantra,\u00a0Respira\u00a0 profundamente, vuelve al aqui y ahora, mueve tus pies, tus manos y fl\u00f3talas hasta que esten calientes y ll\u00e9valas a la parte de tu cuerpo que necesite sanaci\u00f3n.<\/p>\n<p>cuando est\u00e9s lista puedes abrir tus ojos.<\/p>\n<p>&nbsp;<\/p>\n<p>&nbsp;<\/p>\n","protected":false},"excerpt":{"rendered":"<p>Porque la energia sexual dura 7 a\u00f1os en el cuerpo de la mujer? A nosotras las mujeres nos puede costar hasta siete a\u00f1os cortar un v\u00ednculo energetico con un hombre. A ellos, en cambio, s\u00f3lo pocos d\u00edas. A trav\u00e9s de<\/p>\n","protected":false},"author":1,"featured_media":0,"parent":0,"menu_order":0,"comment_status":"closed","ping_status":"closed","template":"","meta":{"footnotes":""},"_links":{"self":[{"href":"https:\/\/alicialareu.com\/index.php\/wp-json\/wp\/v2\/pages\/88"}],"collection":[{"href":"https:\/\/alicialareu.com\/index.php\/wp-json\/wp\/v2\/pages"}],"about":[{"href":"https:\/\/alicialareu.com\/index.php\/wp-json\/wp\/v2\/types\/page"}],"author":[{"embeddable":true,"href":"https:\/\/alicialareu.com\/index.php\/wp-json\/wp\/v2\/users\/1"}],"replies":[{"embeddable":true,"href":"https:\/\/alicialareu.com\/index.php\/wp-json\/wp\/v2\/comments?post=88"}],"version-history":[{"count":7,"href":"https:\/\/alicialareu.com\/index.php\/wp-json\/wp\/v2\/pages\/88\/revisions"}],"predecessor-version":[{"id":272,"href":"https:\/\/alicialareu.com\/index.php\/wp-json\/wp\/v2\/pages\/88\/revisions\/272"}],"wp:attachment":[{"href":"https:\/\/alicialareu.com\/index.php\/wp-json\/wp\/v2\/media?parent=88"}],"curies":[{"name":"wp","href":"https:\/\/api.w.org\/{rel}","templated":true}]}}